{"id":14,"date":"2022-01-09T12:10:10","date_gmt":"2022-01-09T09:10:10","guid":{"rendered":"https:\/\/mehmetbekirsen.com\/?page_id=14"},"modified":"2026-04-10T15:51:46","modified_gmt":"2026-04-10T12:51:46","slug":"about-us","status":"publish","type":"page","link":"https:\/\/ihsanturkmen.com\/eng\/about-us\/","title":{"rendered":"About us"},"content":{"rendered":"<div class=\"wpb-content-wrapper\"><p>[vc_row][vc_column][vc_column_text css=&#8221;&#8221;]<\/p>\n<p class=\"box-header animation-slide slide\"><span style=\"font-size: 24px; color: #000000;\"><strong>Dr. \u0130hsan T\u00fcrkmen<\/strong><\/span><br \/>\n<span style=\"font-size: 20px; color: #000000;\">Plastic and Aesthetic Surgeon<\/span><\/p>\n<hr \/>\n<p><img loading=\"lazy\" decoding=\"async\" class=\"size-full wp-image-781 alignright\" src=\"https:\/\/ihsanturkmen.com\/eng\/wp-content\/uploads\/2026\/04\/ihsan-turkmen-md.jpg\" alt=\"\" width=\"450\" height=\"586\" srcset=\"https:\/\/ihsanturkmen.com\/eng\/wp-content\/uploads\/2026\/04\/ihsan-turkmen-md.jpg 450w, https:\/\/ihsanturkmen.com\/eng\/wp-content\/uploads\/2026\/04\/ihsan-turkmen-md-400x521.jpg 400w, https:\/\/ihsanturkmen.com\/eng\/wp-content\/uploads\/2026\/04\/ihsan-turkmen-md-367x478.jpg 367w\" sizes=\"auto, (max-width: 450px) 100vw, 450px\" \/>\u0130hsan T\u00fcrkmen studied at Istanbul University \u00c7apa Faculty of Medicine between 2002-2008. In the second year of his education, he received training on vascular surgery for 1 month at Zagreb Clinical Hospital Dubrava in Croatia as part of the TURKMSIC student exchange program.<\/p>\n<p>In 2010, he started his specialization in Plastic, Reconstructive and Aesthetic Surgery at Istanbul Haydarpa\u015fa Numune Training and Research Hospital. He participated in the 24th Basic Microsurgery Course organized by the Reconstructive Microsurgery Association in March 2015 and received a microsurgery certificate.<\/p>\n<p>He received the title of Plastic, Reconstructive and Aesthetic Surgery Specialist in 2015. Immediately after the completion of his specialty training, he completed his compulsory service as a Plastic Surgery Specialist at Mardin State Hospital. During the compulsory service, he performed aesthetic surgery operations in Mardin quite frequently and he was followed with great interest by the press and the public. He attended Dorsum Preservation Rhinoplasty (letdown-pushdown) Cadaver Course held in Barcelona in April 2017.<\/p>\n<p>After compulsory service, he resigned in 2017 and started to work as an Aesthetic and Plastic Surgery specialist at Ac\u0131badem Ankara Hospital. He has been proceeding his working life and surgeries in Istanbul Vanity Aesthetic Surgery Clinic since May 2019. He is a member of Turkish Plastic, Reconstructive and Aesthetic Surgery Association (TPRECD), European Rhinoplasty Society (Rhinoplasty Society of Europe) and Istanbul Medical Chamber.<\/p>\n<p>He makes pattern and sculpture studies known to be effective in the development of aesthetic visual ability. He is married with a daughter and a son.<\/p>\n<h3><strong>Professional Experience<\/strong><\/h3>\n<ul>\n<li>Istanbul Faculty of Medicine, Department of General Surgery\/Assistant Doctor (2008-2009)<\/li>\n<li>Kayseri Ye\u015filhisar State Hospital, Emergency Service \/ General Practitioner (2009-2010)<\/li>\n<li>Haydarpa\u015fa Numune Training and Research Hospital<\/li>\n<li>Plastic, Reconstructive and Aesthetic Surgery Clinic \/ Assistant Doctor (2010-2015)<\/li>\n<li>Mardin State Hospital \/ Specialist Doctor (2016-2017)<\/li>\n<li>Ac\u0131badem Ankara Hospital \/ Specialist Doctor (2017- 2019)<\/li>\n<li>Vanity Plastic Surgery Center \/ Specialist Doctor (\u2026\u2026\u2026 \u2013 Still working)<\/li>\n<\/ul>\n<h3><strong>Internships &amp; Abroad<\/strong><\/h3>\n<ul>\n<li>Clinical Hospital Dubrava \u2013 Zagreb \/ CROATIA<\/li>\n<li>Cardiovascular Surgery Clinic (September 2004)<\/li>\n<\/ul>\n<h3><strong>Articles Published in National Peer-Reviewed Journals<\/strong><\/h3>\n<ol>\n<li>Cutaneous Malignant Granular Cell Tumor: Case Report<br \/>\nZeytin K, Toksoy S, Mert AI, T\u00fcrkmen \u0130, \u00d6nenerk M T\u00fcrk Plastik, Reconstructive and Aesthetic Surgical Journal 2013 Volume 21, Issue 3<\/li>\n<li>Evaluation of Nail Bed Injury Patients: Does nail adaptation increase the morbidity?<br \/>\n\u00c7ilo\u011flu S, T\u00fcrkmen \u0130, G\u00fcm\u00fc\u015f N Turkish Reconstructive and Aesthetic Surgical Journal 2014 Volume 22, Issue 2<\/li>\n<li>Coexistence of Bifid Median Nerve and Palmar Type Median Artery in Pediatric Trauma Patient. Duran A, B\u00fcy\u00fckdo\u011fan H, \u00d6nsal , T\u00fcrkmen \u0130, Cilo\u011flu S. Hand and Microsurgery Journal 2013 Volume 2, Issue 2<\/li>\n<li>Ulnar Nerve Compression Due to Arteriovenous Malformation in Guyon Canal<br \/>\n\u00c7ilo\u011flu S, Keskin E, T\u00fcrkmen \u0130, Duran A, Eraslan Hand and Microsurgery Journal 2013 Volume 2, Issue 2<\/li>\n<li>A Rare Case : Coexistence of Symphalangism and Wassel Type 3 Polydactyl<br \/>\n\u00c7ilo\u011flu S, Duran A, T\u00fcrkmen \u0130, \u00d6nsal E, B\u00fcy\u00fckdo\u011fan H Eraslan Hand and Microsurgery Journal 2013 Volume 2, Issue 2<\/li>\n<\/ol>\n<h3><strong>Papers Presented in National Scientific Meetings<\/strong><\/h3>\n<p>[\/vc_column_text][\/vc_column][\/vc_row][vc_row][vc_column width=&#8221;1\/2&#8243;][vc_column_text css=&#8221;&#8221;]<\/p>\n<ol>\n<li>Common Penoscrotal Lymphedema Case Report<br \/>\nDr. Sinem \u00c7ilo\u011flu, Dr.Kayhan Zeytin, Dr.\u0130hsan T\u00fcrkmen, Dr.Mustafa Tercan<br \/>\nTurkish Plastic, Reconstructive and Aesthetic Surgery Society, 33rd National Committee<br \/>\nSeptember 2011 \u0130zmir. Poster<\/li>\n<li>Evaluation of Nail Bed Injured Patients: Does Nail Adaptation increase the Morbidity?<br \/>\nDr. Nesrin G\u00fcm\u00fc\u015f, Dr. \u0130hsan T\u00fcrkmen, Dr. Nesibe Sinem \u00c7ilo\u011flu<br \/>\nTurkish Plastic, Reconstructive and Aesthetic Surgery Society, 34th National Committee<br \/>\nOctober 2012 Antalya. Oral Presentation<\/li>\n<li>Schwannoma in the Nasal Crest; Case Report<br \/>\nDr. Ay\u015fe \u0130rem Mert, Dr.\u0130hsan T\u00fcrkmen, Dr.Afet \u00d6ncel, Dr.Nesibe Sinem \u00c7ilo\u011flU<br \/>\nTurkish Plastic, Reconstructive and Aesthetic Surgery Society, 34th National Committee<br \/>\nOctober 2012 Antalya. Poster<\/li>\n<li>Lipofibromatous Hamartoma which settled in the Median Nerve: Case Report<br \/>\nDr. \u0130hsan T\u00fcrkmen, Dr.Nesrin G\u00fcm\u00fc\u015f, Dr.Teoman Eraslan, Dr.Nesibe Sinem \u00c7ilo\u011flu<br \/>\nTurkish Plastic, Reconstructive and Aesthetic Surgery Society, 34th National Committee<br \/>\nOctober 2012 Antalya. Poster<\/li>\n<li>Calcinosis Cutis in Scapular Area: Case Report<br \/>\nDr. \u0130hsan T\u00fcrkmen, Dr.Nesrin G\u00fcm\u00fc\u015f,Dr.Nesibe Sinem \u00c7ilo\u011flu<br \/>\nTurkish Plastic, Reconstructive and Aesthetic Surgery Society, 34th National Committee<br \/>\nOctober 2012 Antalya. Poster<\/li>\n<li>Effects of Resveratrol on Tendon Healing in Diabetic Rats.<br \/>\nDr.Nesibe Sinem \u00c7ilo\u011flu, Dr.Kayhan Zeytin,Dr. \u0130hsan T\u00fcrkmen,Dr. F\u00fcgen Vardar Aker, Dr.Filiz Ate\u015f, Dr.Feriha Ercan<br \/>\nTurkish Plastic, Reconstructive and Aesthetic Surgery Society, 35th National Committee<br \/>\nOctober 2013 \u0130stanbul. Oral Presentation<\/li>\n<li>Malignant Melanoma and 10 years Clinical Experiences of Us<br \/>\nDr. Nesibe Sinem \u00c7ilo\u011flu, Dr.Ay\u015fe \u0130rem Mert,Dr.\u0130hsan T\u00fcrkmen<br \/>\nTurkish Plastic, Reconstructive and Aesthetic Surgery Society, 35th National Committee<br \/>\nOctober 2013 \u0130stanbul. Oral Presentation<\/li>\n<li>Clinical Experiences of Us About Soft Tissue Malignancies<br \/>\nDr. Alpay Duran, Dr.Nesibe Sinem \u00c7il\u0131\u011flu,Dr.Ay\u015fe \u0130rem Mert, Dr.\u0130hsan T\u00fcrkmen<br \/>\nTurkish Plastic, Reconstructive and Aesthetic Surgery Society, 35th National Committee<br \/>\nOctober 2013 \u0130stanbul. Oral Presentation<\/li>\n<li>A Case of SCC After Vemurafenib Treatment<br \/>\nDr. Alpay Duran, Dr.Erkin \u00d6nsal, Dr.\u0130hsan T\u00fcrkmen,Dr.Nesibe Sinem \u00c7ilo\u011flu<br \/>\nTurkish Plastic, Reconstructive and Aesthetic Surgery Society, 35th National Committee<br \/>\nOctober 2013 \u0130stanbul. Poster<\/li>\n<li>Early Emerging Carpal Tunnel Syndrome,Palmaris, Brevis and Presence of Median Artery: Case Report<br \/>\nDr. \u0130hsan T\u00fcrkmen, Dr.Ay\u015fe \u0130rem Mert, Dr.Nesrin G\u00fcm\u00fc\u015f,Dr.Nesibe Sinem \u00c7ilo\u011flu<br \/>\nTurkish Plastic, Reconstructive and Aesthetic Surgery Society, 35th National Committee<br \/>\nOctober 2013 \u0130stanbul. Poster<\/li>\n<li>Anterior Transposition of Ulnar Nerve with Facial Flap in Patients with Cubital Tunnel Syndrome: Clinical Experiences of Us.<br \/>\nDr.Ay\u015fe \u0130rem Mert,Dr.Nesibe Sinem \u00c7ilo\u011flu,Dr.Alpay Duran,Dr.\u0130hsan T\u00fcrkmen<br \/>\nTurkish Plastic, Reconstructive and Aesthetic Surgery Society, 35th National Committee<br \/>\nOctober 2013 \u0130stanbul. Poster<\/li>\n<li>Coexistence of Bifid Median Nerve and Palmar Type Median Artery in Pediatric Trauma Patient.<br \/>\nDr.Alpay Duran,Dr.Hasan B\u00fcy\u00fckdo\u011fan,Dr.Erkin \u00d6nsal,Dr.\u0130hsan T\u00fcrkmen,Dr.Nesibe Sinem \u00c7ilo\u011flu<br \/>\n14th National Congress of Hand and Upper Extremity Surgery.<br \/>\nMay 2014 Bursa. Poster<\/li>\n<\/ol>\n<p>[\/vc_column_text][\/vc_column][vc_column width=&#8221;1\/2&#8243;][vc_column_text css=&#8221;&#8221;]<\/p>\n<ol start=\"13\">\n<li>Ulnar Nerve Compression Due to Arteriovenous Malformation in Guyon Canal<br \/>\nDr.Nesibe Sinem \u00c7ilo\u011flu,Dr.Ekrem Keskin,Dr.\u0130hsan T\u00fcrkmen,Dr.Alpay Duran, Dr.Teoman Eraslan<br \/>\n14th National Congress of Hand and Upper Extremity Surgery.<br \/>\nMay 2014 Bursa. Poster<\/li>\n<li>A Rare Case: Coexistence of Symphalangism and Wassel Type 3 Polydactyl<br \/>\nDr.Nesibe Sinem \u00c7ilo\u011flu,Dr.Alpay Duran,Dr.\u0130hsan T\u00fcrkmen,Dr.Erkin \u00d6nsal, Dr.Hasan B\u00fcy\u00fckdo\u011fan<br \/>\n14th National Congress of Hand and Upper Extremity Surgery.<br \/>\nMay 2014 Bursa. Poster<\/li>\n<li>Hand Settled Masses: 5 Years of Backward Analysis<br \/>\nDr.Nesibe Sinem \u00c7ilo\u011flu, Dr.\u0130hsan T\u00fcrkmen, Dr.Alpay Duran, Dr.Teoman Eraslan,Dr. Erin\u00e7 Evrensel, Dr.Erkin \u00d6nsal<br \/>\nTurkish Plastic, Reconstructive and Aesthetic Surgery Society, 36th National Committee<br \/>\nOctober 2014 Istanbul. Poster<\/li>\n<li>Ulnar Polydactyl: A Classification System and Clinical Series<br \/>\nDr.Nesibe Sinem \u00c7ilo\u011flu,Dr. Alpay Duran, Dr.Ahmet Yi\u011fit, Dr.Teoman Eraslan, Dr.Shahrukh Omar, Dr.\u0130hsan T\u00fcrkmen<br \/>\nTurkish Plastic, Reconstructive and Aesthetic Surgery Society, 36th National Committee<br \/>\nOctober 2014 Istanbul. Poster<\/li>\n<li>Giant Lumber Mass: Primary Cardiac Spindle Cell Sarcoma Metastasis<br \/>\nDr.Alpay Duran,Dr.Nesibe Sinem \u00c7ilo\u011flu, Dr.\u0130hsan T\u00fcrkmen,Dr. Hasan B\u00fcy\u00fckdo\u011fan,Dr. Ufuk \u00c7ilo\u011flu,<br \/>\nDr.Teoman Eraslan<br \/>\nTurkish Plastic, Reconstructive and Aesthetic Surgery Society, 36th National Committee<br \/>\nOctober 2014 Istanbul. Poster<\/li>\n<li>Chronic Open Wound : Rothmund-Thomson Syndrome<br \/>\nDr.Nesibe Sinem \u00c7ilo\u011flu,Dr. Hasan B\u00fcy\u00fckdo\u011fan, Dr.Alpay Duran,Dr. \u015eirin Pekcan, Dr.\u0130hsan T\u00fcrkmen Turkish Plastic, Reconstructive and Aesthetic Surgery Society, 36th National Committee<br \/>\nOctober 2014 Istanbul. Poster<\/li>\n<li>Effects of Apocrine on Graft Survival in Rat Composite Graft Model<br \/>\nDr.\u0130hsan T\u00fcrkmen,Dr.Nesibe Sinem \u00c7ilo\u011flu,Dr.Teoman Eraslan Turkish Plastic, Reconstructive and Aesthetic Surgery Society, 37th National Committee<br \/>\nNovember 2015 Ankara. Oral Presentation<\/li>\n<li>Inhibitory Effect of Apocrine on Flap Necrosis in Ischemia Reperfusion Injured Muscle Flap model of Rats<br \/>\nDr.Teoman Eraslan,Dr. Nesibe Sinem \u00c7ilo\u011flu,Dr. \u0130hsan T\u00fcrkmen,Dr.Hasan B\u00fcy\u00fckdo\u011fan Turkish Plastic, Reconstructive and Aesthetic Surgery Society, 37th National Committee<br \/>\nNovember 2015 Ankara. Oral Presentation<\/li>\n<li>Our Experience in Combination of Suture and Perichondrioadipodermal Flap Technique in Correcting Scoop Ear Deformity<br \/>\nDr.Nesibe Sinem \u00c7ilo\u011flu,Dr. Ekrem Ramazan Keskin,Dr. Hasan B\u00fcy\u00fckdo\u011fan,Dr. \u0130hsan T\u00fcrkmen, Dr.Erin\u00e7 Evrensel<br \/>\nTurkish Plastic, Reconstructive and Aesthetic Surgery Society, 37th National Committee<br \/>\nNovember 2015 Ankara. Oral Presentation<\/li>\n<li>External Ear Canal Causing Sensory Defects<br \/>\nDr.Nesibe Sinem \u00c7ilo\u011flu,Dr. Hasan B\u00fcy\u00fckdo\u011fan,Dr. \u0130hsan T\u00fcrkmen,Dr. Ekrem Ramazan Keskin, Dr.Serkan Kaya<br \/>\nTurkish Plastic, Reconstructive and Aesthetic Surgery Society, 37th National Committee<br \/>\nNovember 2015 Ankara. Poster<\/li>\n<li>Combined Topical 5% Imiquimod Oral Propranolol Treatment in A Case of Infantile Hemangioma which Auricle Settled<br \/>\nDr.Nesibe Sinem \u00c7ilo\u011flu,Dr. \u0130hsan T\u00fcrkmen,Dr. Hasan B\u00fcy\u00fckdo\u011fan,Dr.Shahrukh Omar, Dr.Ekrem Ramazan<br \/>\nTurkish Plastic, Reconstructive and Aesthetic Surgery Society, 37th National Committee<br \/>\nNovember 2015 Ankara. PosterKeutel Syndrome: Nasal Skin Expansion With Repetitive Oil Injections.<\/li>\n<li>Dr.Nesibe Sinem \u00c7ilo\u011flu,Dr. Ahmet K\u00fcr\u015fat Yi\u011fit,Dr.\u0130hsan T\u00fcrkmen,Dr. Ekrem Ramazan Keskin, Dr.Hasan B\u00fcy\u00fckdo\u011fan<br \/>\nTurkish Plastic, Reconstructive and Aesthetic Surgery Society, 37th National Committee<br \/>\nNovember 2015 Ankara. Poster<\/li>\n<\/ol>\n<p>[\/vc_column_text][\/vc_column][\/vc_row][vc_row][vc_column][vc_column_text css=&#8221;&#8221;]<\/p>\n<h3><strong>Courses<\/strong><\/h3>\n<ol>\n<li>2017 January -Dr. Bar\u0131\u015f \u00c7ak\u0131r Rhinoplasty Fellowship<\/li>\n<li>2017 April -Dorsum Preservation Rhinoplasty (Let Down-Push Down) Cadaver Course- Barcelona<\/li>\n<li>2017 November \u2013Karma Rhinoplasty Course -Istanbul<\/li>\n<li>2017 December \u2013 Non-Surgical Aesthetic Procedures Course \u2013 Istanbul<\/li>\n<li>2018 November -Preservation Rhinoplasty Meeting (Let Down-Push Down) \u2013 Istanbul<\/li>\n<\/ol>\n<h3><strong>Seminars<\/strong><\/h3>\n<ol>\n<li>Suture Material and Suture Techniques (November 2010)<\/li>\n<li>2.Thermal, Chemical and Electrical Injuries (January 2011)<\/li>\n<li>Examination and Approach in Maxxillofacial Injuries and Hand Injuries (March 2011)<\/li>\n<li>4.Wound Healing \u201cGeneral Principles\u201d (November 2011)<\/li>\n<li>Tendon Healing and Repair Techniques(Jun 2012)<\/li>\n<li>Wound Healing for Plastic Surgeons (October 2012)<\/li>\n<li>Diagnosis and Treatment Methods of Malignant and Benign Tumors in Upper Extremity (December 2012)<\/li>\n<li>Microchips (January 2014)<\/li>\n<li>Preoperative Preparation and Postoperative Follow up OF Hand Surgery Patients (March 2014)<\/li>\n<li>Face Lifting Techniques (Novemver 2014)<\/li>\n<\/ol>\n<p>[\/vc_column_text][\/vc_column][\/vc_row]<\/p>\n<\/div>","protected":false},"excerpt":{"rendered":"<p>[vc_row][vc_column][vc_column_text css=&#8221;&#8221;] Dr. \u0130hsan T\u00fcrkmen Plastic and Aesthetic Surgeon \u0130hsan T\u00fcrkmen studied at Istanbul University \u00c7apa Faculty of Medicine between 2002-2008. In the second year of his education, he received training on vascular surgery for 1 month at Zagreb Clinical Hospital Dubrava in Croatia as part of the TURKMSIC student exchange program. In 2010, he [&hellip;]<\/p>\n","protected":false},"author":1,"featured_media":0,"parent":0,"menu_order":0,"comment_status":"closed","ping_status":"closed","template":"","meta":{"_joinchat":[],"footnotes":""},"class_list":["post-14","page","type-page","status-publish","hentry"],"_links":{"self":[{"href":"https:\/\/ihsanturkmen.com\/eng\/wp-json\/wp\/v2\/pages\/14","targetHints":{"allow":["GET"]}}],"collection":[{"href":"https:\/\/ihsanturkmen.com\/eng\/wp-json\/wp\/v2\/pages"}],"about":[{"href":"https:\/\/ihsanturkmen.com\/eng\/wp-json\/wp\/v2\/types\/page"}],"author":[{"embeddable":true,"href":"https:\/\/ihsanturkmen.com\/eng\/wp-json\/wp\/v2\/users\/1"}],"replies":[{"embeddable":true,"href":"https:\/\/ihsanturkmen.com\/eng\/wp-json\/wp\/v2\/comments?post=14"}],"version-history":[{"count":11,"href":"https:\/\/ihsanturkmen.com\/eng\/wp-json\/wp\/v2\/pages\/14\/revisions"}],"predecessor-version":[{"id":818,"href":"https:\/\/ihsanturkmen.com\/eng\/wp-json\/wp\/v2\/pages\/14\/revisions\/818"}],"wp:attachment":[{"href":"https:\/\/ihsanturkmen.com\/eng\/wp-json\/wp\/v2\/media?parent=14"}],"curies":[{"name":"wp","href":"https:\/\/api.w.org\/{rel}","templated":true}]}}